{"id":29,"date":"2023-10-09T06:21:58","date_gmt":"2023-10-09T06:21:58","guid":{"rendered":"https:\/\/halddesign.dk\/?p=29"},"modified":"2023-11-02T18:59:33","modified_gmt":"2023-11-02T18:59:33","slug":"christmas-decorations","status":"publish","type":"product","link":"https:\/\/halddesign.dk\/?product=christmas-decorations","title":{"rendered":"Julekugler"},"content":{"rendered":"<p><strong>JULEKUGLE<\/strong><\/p>\n<p>&nbsp;<\/p>\n<p>Til juleelskere og \u2026<br \/>\nSidste \u00e5r julen 2021 havde jeg en kreativ, s\u00f8d ung pige Trine til at hj\u00e6lpe mig. Hun kom med ideen om at lave sm\u00e5 kugler i det glinsende perlemorspapir. Hun var selv med til at udvikle hvordan vi skulle f\u00e5 sat en krog p\u00e5 s\u00e5 det var nemt at f\u00e5 kuglen op at h\u00e6nge.<\/p>\n<p>Kuglen er ikke rund og \u00e6ggeformet, men kantet som en rund diamant.<\/p>\n<p>JULEKUGLE er klar til oph\u00e6ng.\u00a0 Der sidder en lille krog i kuglen og snor til oph\u00e6ng medf\u00f8lger.<\/p>\n<p>De findes i tre st\u00f8rrelser 3 cm, 5 vm og 7 cm i farverne<\/p>\n<p>Hvid, dybr\u00f8d, m\u00f8rk lilla, m\u00f8rk gr\u00f8n, lyser\u00f8d og dyb m\u00f8rkebl\u00e5<\/p>\n","protected":false},"excerpt":{"rendered":"<p>Jule kugle<\/p>\n","protected":false},"featured_media":161,"comment_status":"closed","ping_status":"closed","template":"","meta":[],"product_brand":[],"product_cat":[45],"product_tag":[36,61],"class_list":{"0":"post-29","1":"product","2":"type-product","3":"status-publish","4":"has-post-thumbnail","6":"product_cat-jul","7":"product_tag-jul","8":"product_tag-julekugle","9":"product_shipping_class-pakke-op-til-1-kg","11":"first","12":"instock","13":"taxable","14":"shipping-taxable","15":"purchasable","16":"product-type-simple"},"_links":{"self":[{"href":"https:\/\/halddesign.dk\/index.php?rest_route=\/wp\/v2\/product\/29","targetHints":{"allow":["GET"]}}],"collection":[{"href":"https:\/\/halddesign.dk\/index.php?rest_route=\/wp\/v2\/product"}],"about":[{"href":"https:\/\/halddesign.dk\/index.php?rest_route=\/wp\/v2\/types\/product"}],"replies":[{"embeddable":true,"href":"https:\/\/halddesign.dk\/index.php?rest_route=%2Fwp%2Fv2%2Fcomments&post=29"}],"wp:featuredmedia":[{"embeddable":true,"href":"https:\/\/halddesign.dk\/index.php?rest_route=\/wp\/v2\/media\/161"}],"wp:attachment":[{"href":"https:\/\/halddesign.dk\/index.php?rest_route=%2Fwp%2Fv2%2Fmedia&parent=29"}],"wp:term":[{"taxonomy":"product_brand","embeddable":true,"href":"https:\/\/halddesign.dk\/index.php?rest_route=%2Fwp%2Fv2%2Fproduct_brand&post=29"},{"taxonomy":"product_cat","embeddable":true,"href":"https:\/\/halddesign.dk\/index.php?rest_route=%2Fwp%2Fv2%2Fproduct_cat&post=29"},{"taxonomy":"product_tag","embeddable":true,"href":"https:\/\/halddesign.dk\/index.php?rest_route=%2Fwp%2Fv2%2Fproduct_tag&post=29"}],"curies":[{"name":"wp","href":"https:\/\/api.w.org\/{rel}","templated":true}]}}