{"id":289,"date":"2025-11-24T15:18:34","date_gmt":"2025-11-24T15:18:34","guid":{"rendered":"https:\/\/halddesign.dk\/?post_type=product&#038;p=289"},"modified":"2025-11-24T15:19:28","modified_gmt":"2025-11-24T15:19:28","slug":"stjerner-mellem","status":"publish","type":"product","link":"https:\/\/halddesign.dk\/?product=stjerner-mellem","title":{"rendered":"Stjerner mellem"},"content":{"rendered":"<header class=\"entry-header\" aria-label=\"Content\">\n<h1 class=\"entry-title\">Stjerne \u2013 Snehvid<\/h1>\n<div class=\"entry-meta\"><span class=\"posted-on\"><time class=\"entry-date published\" datetime=\"2022-09-08T15:15:38+02:00\">8. september 2022<\/time><\/span><\/div>\n<\/header>\n<div class=\"entry-content\">\n<p><em>Hald Design<\/em><\/p>\n<p>Id\u00e9en til den unikke, geometriske Hald Design Stjerne opstod, da en veninde havde set en speciel stjerne i keramik. Hun foreslog, at jeg udviklede en h\u00e5ndfoldet stjerne i papir, som havde dybde og var b\u00e5de smuk og enkel.<\/p>\n<p>S\u00e5 det gjorde jeg \u2013 efter to \u00e5rs hovedbrud.<\/p>\n<p>HALD DESIGN STJERNE f\u00e5s i tre st\u00f8rrelser og leveres samlet i en kasse, s\u00e5 de opbevares sikkert \u00e5r efter \u00e5r. Snor til oph\u00e6ng medf\u00f8lger.<\/p>\n<p>BEM\u00c6RK: Stjernen er robust. Den kan dog ikke t\u00e5le at blive tabt p\u00e5 gulvet fra 2-3 meters h\u00f8jde. Den skal helst ikke h\u00e6nge i b\u00f8rneh\u00f8jde. Spidserne er farlige at f\u00e5 i \u00f8jet.<\/p>\n<h3>V\u00e6lg mellem 3 st\u00f8rrelser:<\/h3>\n<ul>\n<li>Small \u2013 9 cm \u2013 199,00 kr.<\/li>\n<li>Medium \u2013 14 cm \u2013 249,00 kr.<\/li>\n<li>Large \u2013 19 cm \u2013 299,00 kr.<\/li>\n<\/ul>\n<p>Spar 50 kr. ved k\u00f8b af to eller flere stjerner.<\/p>\n<\/div>\n","protected":false},"excerpt":{"rendered":"<p>Udsmyk din stue, kontor eller k\u00f8kken med en elegant, stilfuld stjerne<\/p>\n","protected":false},"featured_media":71,"comment_status":"closed","ping_status":"closed","template":"","meta":[],"product_brand":[],"product_cat":[22],"product_tag":[38,37],"class_list":{"0":"post-289","1":"product","2":"type-product","3":"status-publish","4":"has-post-thumbnail","6":"product_cat-stjerner","7":"product_tag-julestjerne","8":"product_tag-stjerne","10":"first","11":"instock","12":"taxable","13":"shipping-taxable","14":"purchasable","15":"product-type-simple"},"_links":{"self":[{"href":"https:\/\/halddesign.dk\/index.php?rest_route=\/wp\/v2\/product\/289","targetHints":{"allow":["GET"]}}],"collection":[{"href":"https:\/\/halddesign.dk\/index.php?rest_route=\/wp\/v2\/product"}],"about":[{"href":"https:\/\/halddesign.dk\/index.php?rest_route=\/wp\/v2\/types\/product"}],"replies":[{"embeddable":true,"href":"https:\/\/halddesign.dk\/index.php?rest_route=%2Fwp%2Fv2%2Fcomments&post=289"}],"wp:featuredmedia":[{"embeddable":true,"href":"https:\/\/halddesign.dk\/index.php?rest_route=\/wp\/v2\/media\/71"}],"wp:attachment":[{"href":"https:\/\/halddesign.dk\/index.php?rest_route=%2Fwp%2Fv2%2Fmedia&parent=289"}],"wp:term":[{"taxonomy":"product_brand","embeddable":true,"href":"https:\/\/halddesign.dk\/index.php?rest_route=%2Fwp%2Fv2%2Fproduct_brand&post=289"},{"taxonomy":"product_cat","embeddable":true,"href":"https:\/\/halddesign.dk\/index.php?rest_route=%2Fwp%2Fv2%2Fproduct_cat&post=289"},{"taxonomy":"product_tag","embeddable":true,"href":"https:\/\/halddesign.dk\/index.php?rest_route=%2Fwp%2Fv2%2Fproduct_tag&post=289"}],"curies":[{"name":"wp","href":"https:\/\/api.w.org\/{rel}","templated":true}]}}