{"id":23,"date":"2023-10-09T06:21:58","date_gmt":"2023-10-09T06:21:58","guid":{"rendered":"https:\/\/halddesign.dk\/?p=23"},"modified":"2023-11-29T10:52:59","modified_gmt":"2023-11-29T10:52:59","slug":"christmas-tree-star","status":"publish","type":"product","link":"https:\/\/halddesign.dk\/?product=christmas-tree-star","title":{"rendered":"Topstjerne Hvid stor"},"content":{"rendered":"<header class=\"entry-header\" aria-label=\"Content\">\n<h1 class=\"entry-title\">Topstjerne \u2013 Hvid<\/h1>\n<\/header>\n<div class=\"entry-content\">\n<p>Ikke meget andet julepynt er mere vigtigt og symbolsk end en smuk topstjerne \u00f8verst p\u00e5 juletr\u00e6et.<\/p>\n<p>Den unikke, 3-dimensionelle Hald Design Topstjerne er en uimodst\u00e5elig smuk nyfortolkning af den klassiske juletr\u00e6sstjerne.<\/p>\n<p>Uanset hvilken vinkel du ser juletr\u00e6et fra, ser du en hel stjerne, som genfortryller juletr\u00e6et \u00e5r efter \u00e5r.<\/p>\n<p>HALD DESIGN TOPSTJERNE passer til alle juletr\u00e6er uanset st\u00f8rrelse, og har en fjederspiral i en af spidserne, som sidder sikkert fast p\u00e5 toppen af dit juletr\u00e6.<\/p>\n<p>Juletr\u00e6sstjernen er 20 cm h\u00f8j uden holderen. P\u00e5 den ene spidst er der interegeret en spiral som passer til alle juletr\u00e6er.<\/p>\n<p>Stjernen bliver leveret i en kasse s\u00e5 den kan gemmes fra \u00e5r til \u00e5r.<\/p>\n<\/div>\n","protected":false},"excerpt":{"rendered":"<p>Topstjerne til dit juletr\u00e6<\/p>\n","protected":false},"featured_media":91,"comment_status":"closed","ping_status":"closed","template":"","meta":[],"product_brand":[],"product_cat":[45,23,22],"product_tag":[36,35,34],"class_list":{"0":"post-23","1":"product","2":"type-product","3":"status-publish","4":"has-post-thumbnail","6":"product_cat-jul","7":"product_cat-topstjerne","8":"product_cat-stjerner","9":"product_tag-jul","10":"product_tag-juletraestop","11":"product_tag-topstjerne","12":"product_shipping_class-pakke-op-til-1-kg","14":"first","15":"instock","16":"taxable","17":"shipping-taxable","18":"purchasable","19":"product-type-simple"},"_links":{"self":[{"href":"https:\/\/halddesign.dk\/index.php?rest_route=\/wp\/v2\/product\/23","targetHints":{"allow":["GET"]}}],"collection":[{"href":"https:\/\/halddesign.dk\/index.php?rest_route=\/wp\/v2\/product"}],"about":[{"href":"https:\/\/halddesign.dk\/index.php?rest_route=\/wp\/v2\/types\/product"}],"replies":[{"embeddable":true,"href":"https:\/\/halddesign.dk\/index.php?rest_route=%2Fwp%2Fv2%2Fcomments&post=23"}],"wp:featuredmedia":[{"embeddable":true,"href":"https:\/\/halddesign.dk\/index.php?rest_route=\/wp\/v2\/media\/91"}],"wp:attachment":[{"href":"https:\/\/halddesign.dk\/index.php?rest_route=%2Fwp%2Fv2%2Fmedia&parent=23"}],"wp:term":[{"taxonomy":"product_brand","embeddable":true,"href":"https:\/\/halddesign.dk\/index.php?rest_route=%2Fwp%2Fv2%2Fproduct_brand&post=23"},{"taxonomy":"product_cat","embeddable":true,"href":"https:\/\/halddesign.dk\/index.php?rest_route=%2Fwp%2Fv2%2Fproduct_cat&post=23"},{"taxonomy":"product_tag","embeddable":true,"href":"https:\/\/halddesign.dk\/index.php?rest_route=%2Fwp%2Fv2%2Fproduct_tag&post=23"}],"curies":[{"name":"wp","href":"https:\/\/api.w.org\/{rel}","templated":true}]}}