{"id":175,"date":"2023-10-12T14:27:32","date_gmt":"2023-10-12T14:27:32","guid":{"rendered":"https:\/\/halddesign.dk\/?post_type=product&#038;p=175"},"modified":"2023-10-30T11:49:40","modified_gmt":"2023-10-30T11:49:40","slug":"cupcake-flag-roed-paa-moerk-pind","status":"publish","type":"product","link":"https:\/\/halddesign.dk\/?product=cupcake-flag-roed-paa-moerk-pind","title":{"rendered":"Cupcake flag r\u00f8d p\u00e5 m\u00f8rk pind"},"content":{"rendered":"<h2>CUPCAKEFLAG \/ MUFFINSFLAG<\/h2>\n<p>Efter mange foresp\u00f8rgsler p\u00e5 cupcakeflag med lyser\u00f8de flag til babyshower kom disse s\u00f8de flag med splitflag til verden.<\/p>\n<p>De klassiske splitflag er 2,5 cm h\u00f8j og 4,5 cm til spidsen. De sidder p\u00e5 madpinde (samme st\u00f8rrelse som tandstikker). H\u00f8jde p\u00e5 madpind inklusive flag er 7 cm.<\/p>\n<p>CUPCAKEFLAG kan bestilles med m\u00f8rk eller lys pind. Leveres i poser med 8 pinde.<\/p>\n","protected":false},"excerpt":{"rendered":"<p>Muffins flag &#8211; Cupcake flag. Pynt til kagen<\/p>\n","protected":false},"featured_media":170,"comment_status":"open","ping_status":"closed","template":"","meta":[],"product_brand":[],"product_cat":[51,25,52,49,50],"product_tag":[],"class_list":{"0":"post-175","1":"product","2":"type-product","3":"status-publish","4":"has-post-thumbnail","6":"product_cat-bryllup","7":"product_cat-cupcake-flag","8":"product_cat-flag","9":"product_cat-konfirmand","10":"product_cat-student","11":"product_shipping_class-pakke-op-til-1-kg","13":"first","14":"instock","15":"taxable","16":"shipping-taxable","17":"purchasable","18":"product-type-simple"},"_links":{"self":[{"href":"https:\/\/halddesign.dk\/index.php?rest_route=\/wp\/v2\/product\/175","targetHints":{"allow":["GET"]}}],"collection":[{"href":"https:\/\/halddesign.dk\/index.php?rest_route=\/wp\/v2\/product"}],"about":[{"href":"https:\/\/halddesign.dk\/index.php?rest_route=\/wp\/v2\/types\/product"}],"replies":[{"embeddable":true,"href":"https:\/\/halddesign.dk\/index.php?rest_route=%2Fwp%2Fv2%2Fcomments&post=175"}],"wp:featuredmedia":[{"embeddable":true,"href":"https:\/\/halddesign.dk\/index.php?rest_route=\/wp\/v2\/media\/170"}],"wp:attachment":[{"href":"https:\/\/halddesign.dk\/index.php?rest_route=%2Fwp%2Fv2%2Fmedia&parent=175"}],"wp:term":[{"taxonomy":"product_brand","embeddable":true,"href":"https:\/\/halddesign.dk\/index.php?rest_route=%2Fwp%2Fv2%2Fproduct_brand&post=175"},{"taxonomy":"product_cat","embeddable":true,"href":"https:\/\/halddesign.dk\/index.php?rest_route=%2Fwp%2Fv2%2Fproduct_cat&post=175"},{"taxonomy":"product_tag","embeddable":true,"href":"https:\/\/halddesign.dk\/index.php?rest_route=%2Fwp%2Fv2%2Fproduct_tag&post=175"}],"curies":[{"name":"wp","href":"https:\/\/api.w.org\/{rel}","templated":true}]}}