{"id":44,"date":"2023-10-11T19:49:34","date_gmt":"2023-10-11T19:49:34","guid":{"rendered":"https:\/\/halddesign.dk\/?page_id=44"},"modified":"2023-10-25T07:35:17","modified_gmt":"2023-10-25T07:35:17","slug":"refundering_returvarer","status":"publish","type":"page","link":"https:\/\/halddesign.dk\/?page_id=44","title":{"rendered":"Vilk\u00e5r og handelsbetingelser"},"content":{"rendered":"\n<p><strong>Handelsbetingelser<\/strong> er g\u00e6ldende for:<\/p>\n\n\n\n<div class=\"wp-block-group\"><div class=\"wp-block-group__inner-container is-layout-constrained wp-block-group-is-layout-constrained\">\n<p>Halddesign ApS<\/p>\n\n\n\n<p>Gammelbyvej 12<\/p>\n\n\n\n<p>Langelund<\/p>\n\n\n\n<p>DK 7323 Give<\/p>\n\n\n\n<p>CVR: 38618636<\/p>\n<\/div><\/div>\n\n\n\n<p>Tlf:&nbsp;&nbsp; +45 30 25 44 95<\/p>\n\n\n\n<p>Mail: info@halddesign.com<\/p>\n\n\n\n<p>Ordreafgivelse:<\/p>\n\n\n\n<p>N\u00e5r ordren er afgivet p\u00e5 vores webshop modtager k\u00f8ber ordrebekr\u00e6ftelse og faktura pr. mail, hvoraf den beregnede fragtomkostning fremg\u00e5r.<\/p>\n\n\n\n<div class=\"wp-block-group\"><div class=\"wp-block-group__inner-container is-layout-constrained wp-block-group-is-layout-constrained\">\n<p><strong>Priser:<\/strong><\/p>\n\n\n\n<p>Alle priser i vores Webshop er i DKK og incl. 25% moms<\/p>\n\n\n\n<p>Alle priser er frit afhentet p\u00e5 ovenst\u00e5ende adresse.<\/p>\n\n\n\n<p>Der tages forbehold for &#8220;trykfejl&#8221; og pris\u00e6ndringer.<\/p>\n<\/div><\/div>\n\n\n\n<div class=\"wp-block-group\"><div class=\"wp-block-group__inner-container is-layout-constrained wp-block-group-is-layout-constrained\">\n<p><strong>Fragt og Levering:<\/strong><\/p>\n\n\n\n<p>Skulle der v\u00e6re enkelte varer i den afgivne ordre der ikke er p\u00e5 lager, vil k\u00f8ber blive bedt om at tage stilling til hvorvidt ordren \u00f8nskes delleveret eller den skal afvente at varen igen kommer p\u00e5 lager. Ordren vil ikke blive afsendt f\u00f8r der er indg\u00e5et aftale herom.<\/p>\n\n\n\n<p>Alle leverancer vil blive p\u00e5lagt den aktuelle fragt og leveringsomkostning. Varerne sendes med DAO eller GLS til billigst muligt.<\/p>\n\n\n\n<p>Fri fragt ved ordre over 500 kr.<\/p>\n<\/div><\/div>\n\n\n\n<div class=\"wp-block-group\"><div class=\"wp-block-group__inner-container is-layout-constrained wp-block-group-is-layout-constrained\">\n<p><strong>Betaling:<\/strong><\/p>\n\n\n\n<div class=\"wp-block-group\"><div class=\"wp-block-group__inner-container is-layout-constrained wp-block-group-is-layout-constrained\">\n<div class=\"wp-block-group is-vertical is-layout-flex wp-container-core-group-is-layout-0bc941e6 wp-block-group-is-layout-flex\">\n<p>Alle ordre forudbetales via Mobil Pay p\u00e5 46111 eller via freepay<\/p>\n\n\n\n<p>N\u00e5r betaling er modtaget, afsendes ordren.<\/p>\n<\/div>\n<\/div><\/div>\n<\/div><\/div>\n\n\n\n<div class=\"wp-block-group\"><div class=\"wp-block-group__inner-container is-layout-constrained wp-block-group-is-layout-constrained\">\n<p><strong>Fortrydelse\/\u00e6ndringer:<\/strong><\/p>\n\n\n\n<p>Er ordren endnu ikke afsendt, accepterer vi altid annullering eller \u00e6ndringer til ordren. \u00c6ndringer kan dog medf\u00f8re evt. senere levering.<\/p>\n<\/div><\/div>\n\n\n\n<div class=\"wp-block-group\"><div class=\"wp-block-group__inner-container is-layout-constrained wp-block-group-is-layout-constrained\">\n<div class=\"wp-block-group\"><div class=\"wp-block-group__inner-container is-layout-constrained wp-block-group-is-layout-constrained\">\n<div class=\"wp-block-group is-vertical is-layout-flex wp-container-core-group-is-layout-0bc941e6 wp-block-group-is-layout-flex\">\n<p><strong>Returnering og Reklamationer:<\/strong><\/p>\n\n\n\n<p>Alle varer i u\u00e5bnet emballage kan returneres indenfor 14 dage fra modtagelse.<\/p>\n<\/div>\n\n\n\n<p>Omkostninger til returnering vedr. fortrydelse p\u00e5hviler k\u00f8ber.<\/p>\n\n\n\n<p>Modtages varer som er beskadigede under transport, skal dette altid p\u00e5peges overfor transport\u00f8ren, og vi skal kontaktes hurtigst muligt p\u00e5 info@halddesign.com eller tlf. +45 3025 4495<\/p>\n\n\n\n<p>Modtages varer som er fejlleverede, defekte eller ikke i overensstemmelse med de angivne specifikationer, bedes De kontakte os hurtigst muligt p\u00e5 <a href=\"mailto:info@halddesign.com\">pia@halddesign.dk<\/a> eller tlf. +45 3025 4495. Vi vil herefter angive, hvorledes returnering skal foretages.<\/p>\n\n\n\n<p>Returnering af varer sker p\u00e5 k\u00f8bers ansvar og for k\u00f8bers regning. Vi opfordrer derfor til, at forsendelsen sker som pakke med pakkelabel, s\u00e5ledes det er muligt at spore pakken i tilf\u00e6lde af bortkomst, og dermed f\u00e5 pakken erstattet.<\/p>\n\n\n\n<p>Retur adresse kan ske til Halddesign, Gammelbyvej 12, 7323 Give<\/p>\n\n\n\n<p>N\u00e5r du handler i Halddesigns webshop, har du 24 m\u00e5neders reklamationsret i overensstemmelse med k\u00f8belovens regler, hvis en k\u00f8bt vare lider af en mangel.<\/p>\n\n\n\n<h4 class=\"wp-block-heading\" style=\"font-style:normal;font-weight:700\">Oplysning om klagemuligheder<\/h4>\n\n\n\n<p>Hvis du som forbruger vil klage over dit k\u00f8b, skal du kontakte\u00a0pia@halddesign.dk. Hvis det ikke lykkes os at finde en l\u00f8sning, kan du sende en klage til N\u00e6vnenes Hus, Toldboden 2, 8800 Viborg via\u00a0<a rel=\"noreferrer noopener\" href=\"https:\/\/kpo.naevneneshus.dk\/Public\/Home\/ChooseLoginProvider?returnUrl=https:\/\/kpo.naevneneshus.dk\/External\" target=\"_blank\">Klageportalen for N\u00e6vnenes Hus<\/a>.<\/p>\n\n\n\n<p>Har du bop\u00e6l i et andet EU-land end Danmark, kan du klage til EU-Kommissionens klageportal\u00a0<a rel=\"noreferrer noopener\" href=\"http:\/\/ec.europa.eu\/odr\" target=\"_blank\">her<\/a>.<\/p>\n\n\n\n<p><\/p>\n<\/div><\/div>\n<\/div><\/div>\n","protected":false},"excerpt":{"rendered":"<p>Handelsbetingelser er g\u00e6ldende for: Halddesign ApS Gammelbyvej 12 Langelund DK 7323 Give CVR: 38618636 Tlf:&nbsp;&nbsp; +45 30 25 44 95 Mail: info@halddesign.com Ordreafgivelse: N\u00e5r ordren er afgivet p\u00e5 vores webshop modtager k\u00f8ber ordrebekr\u00e6ftelse og faktura pr. mail, hvoraf den beregnede fragtomkostning fremg\u00e5r. Priser: Alle priser i vores Webshop er i [&hellip;]<\/p>\n","protected":false},"author":2,"featured_media":0,"parent":0,"menu_order":0,"comment_status":"closed","ping_status":"closed","template":"","meta":{"footnotes":""},"class_list":["post-44","page","type-page","status-publish","hentry"],"_links":{"self":[{"href":"https:\/\/halddesign.dk\/index.php?rest_route=\/wp\/v2\/pages\/44","targetHints":{"allow":["GET"]}}],"collection":[{"href":"https:\/\/halddesign.dk\/index.php?rest_route=\/wp\/v2\/pages"}],"about":[{"href":"https:\/\/halddesign.dk\/index.php?rest_route=\/wp\/v2\/types\/page"}],"author":[{"embeddable":true,"href":"https:\/\/halddesign.dk\/index.php?rest_route=\/wp\/v2\/users\/2"}],"replies":[{"embeddable":true,"href":"https:\/\/halddesign.dk\/index.php?rest_route=%2Fwp%2Fv2%2Fcomments&post=44"}],"version-history":[{"count":8,"href":"https:\/\/halddesign.dk\/index.php?rest_route=\/wp\/v2\/pages\/44\/revisions"}],"predecessor-version":[{"id":237,"href":"https:\/\/halddesign.dk\/index.php?rest_route=\/wp\/v2\/pages\/44\/revisions\/237"}],"wp:attachment":[{"href":"https:\/\/halddesign.dk\/index.php?rest_route=%2Fwp%2Fv2%2Fmedia&parent=44"}],"curies":[{"name":"wp","href":"https:\/\/api.w.org\/{rel}","templated":true}]}}