{"id":3,"date":"2023-10-04T13:37:02","date_gmt":"2023-10-04T13:37:02","guid":{"rendered":"https:\/\/halddesign.dk\/?page_id=3"},"modified":"2023-10-11T19:58:01","modified_gmt":"2023-10-11T19:58:01","slug":"privacy-policy","status":"publish","type":"page","link":"https:\/\/halddesign.dk\/?page_id=3","title":{"rendered":"Privacy Policy"},"content":{"rendered":"\n<h2 class=\"wp-block-heading\">Hvor er du<\/h2>\n\n\n\n<p>Vores website addres er: https:\/\/halddesign.dk. Tilh\u00f8rende Halddesign, Gammelbyvej 12, 7323 Give, Danmark<\/p>\n\n\n\n<p><strong>Cookie- og privatlivspolitik<\/strong><br>N\u00e5r du bes\u00f8ger Halddesign bliver der lagt en cookie p\u00e5 din computer. En cookie er en lille tekstfil, der gemmes i din browser for at kunne genkende din computer ved tilbagevendende bes\u00f8g p\u00e5 vores hjemmeside. Der er ingen personlige oplysninger gemt i vores cookies, og de kan ikke indeholde virus. Stort set alle websites anvender cookies. De er der for at hj\u00e6lpe dig, s\u00e5 du ikke skal indl\u00e6se alle websider fra bunden hver gang, du bes\u00f8ger dem. Dette letter din oplevelse p\u00e5 vores side.<br>P\u00e5 Halddesign bruger vi Cookies udelukkende med det form\u00e5l at g\u00f8re dit bes\u00f8g p\u00e5 siden s\u00e5 nemt og brugervenligt som muligt for dig. Du har til enhver tid mulighed for at slette cookies i din internetbrowser.<br>Vi benytter os af Cookies fra Google Analytics, som udelukkende har til form\u00e5l at forberede Halddesign og m\u00e5le trafikken p\u00e5 webshoppen.<br>Personlige oplysninger<br>Hos Halddesign gemmer vi kun de oplysninger, der er n\u00f8dvendige for at gennemf\u00f8re din ordre hos os. Det kan f.eks. v\u00e6re dit navn, adresse, mailadresse osv. Alle oplysninger bliver trygt opbevaret i en beskyttet database. Vi behandler dine oplysninger fortroligt og videregiver naturligvis ikke din oplysninger til 3. part.<\/p>\n\n\n\n<h2 class=\"wp-block-heading\"><\/h2>\n","protected":false},"excerpt":{"rendered":"<p>Hvor er du Vores website addres er: https:\/\/halddesign.dk. Tilh\u00f8rende Halddesign, Gammelbyvej 12, 7323 Give, Danmark Cookie- og privatlivspolitikN\u00e5r du bes\u00f8ger Halddesign bliver der lagt en cookie p\u00e5 din computer. En cookie er en lille tekstfil, der gemmes i din browser for at kunne genkende din computer ved tilbagevendende bes\u00f8g p\u00e5 [&hellip;]<\/p>\n","protected":false},"author":2,"featured_media":0,"parent":0,"menu_order":0,"comment_status":"closed","ping_status":"closed","template":"","meta":{"footnotes":""},"class_list":["post-3","page","type-page","status-publish","hentry"],"_links":{"self":[{"href":"https:\/\/halddesign.dk\/index.php?rest_route=\/wp\/v2\/pages\/3","targetHints":{"allow":["GET"]}}],"collection":[{"href":"https:\/\/halddesign.dk\/index.php?rest_route=\/wp\/v2\/pages"}],"about":[{"href":"https:\/\/halddesign.dk\/index.php?rest_route=\/wp\/v2\/types\/page"}],"author":[{"embeddable":true,"href":"https:\/\/halddesign.dk\/index.php?rest_route=\/wp\/v2\/users\/2"}],"replies":[{"embeddable":true,"href":"https:\/\/halddesign.dk\/index.php?rest_route=%2Fwp%2Fv2%2Fcomments&post=3"}],"version-history":[{"count":4,"href":"https:\/\/halddesign.dk\/index.php?rest_route=\/wp\/v2\/pages\/3\/revisions"}],"predecessor-version":[{"id":102,"href":"https:\/\/halddesign.dk\/index.php?rest_route=\/wp\/v2\/pages\/3\/revisions\/102"}],"wp:attachment":[{"href":"https:\/\/halddesign.dk\/index.php?rest_route=%2Fwp%2Fv2%2Fmedia&parent=3"}],"curies":[{"name":"wp","href":"https:\/\/api.w.org\/{rel}","templated":true}]}}