{"id":2,"date":"2023-10-04T13:37:02","date_gmt":"2023-10-04T13:37:02","guid":{"rendered":"https:\/\/halddesign.dk\/?page_id=2"},"modified":"2023-10-30T12:29:58","modified_gmt":"2023-10-30T12:29:58","slug":"sample-page","status":"publish","type":"page","link":"https:\/\/halddesign.dk\/","title":{"rendered":""},"content":{"rendered":"\n<p class=\"has-medium-font-size\"><strong><em>Halddesign laver smukke stilfulde produkter i perlemorspapir.<\/em><\/strong><\/p>\n\n\n\n<p><strong>Papirmagi, du ikke finder andre steder<\/strong><\/p>\n\n\n\n<p>Hald Design er hjemsted for papirh\u00e5ndv\u00e6rk, der fort\u00e6ller historier om en begivenhed, en f\u00f8lelse og en stemning. Her laver vi unikt papirkunst \u2013 ladet med mening, minder, hvis ikke ligefrem en rejse rundt i traditionernes Danmark.<\/p>\n\n\n\n<p>Alle designs er h\u00e5ndlavet her i v\u00e6rkstedet med den allervigtigste f\u00e6llesn\u00e6vner: H\u00f8j kvalitet, der kan genbruges \u00e5r efter \u00e5r.<\/p>\n\n\n\n<p>Her finder du de bedste \u2013 alle \u2018testet and proven\u2019 af kr\u00e6sne specialforhandlere og nostalgikere&nbsp;med gemmelyst.<\/p>\n\n\n\n<p><\/p>\n","protected":false},"excerpt":{"rendered":"<p>Halddesign laver smukke stilfulde produkter i perlemorspapir. Papirmagi, du ikke finder andre steder Hald Design er hjemsted for papirh\u00e5ndv\u00e6rk, der fort\u00e6ller historier om en begivenhed, en f\u00f8lelse og en stemning. Her laver vi unikt papirkunst \u2013 ladet med mening, minder, hvis ikke ligefrem en rejse rundt i traditionernes Danmark. Alle [&hellip;]<\/p>\n","protected":false},"author":2,"featured_media":69,"parent":0,"menu_order":0,"comment_status":"closed","ping_status":"closed","template":"","meta":{"footnotes":""},"class_list":["post-2","page","type-page","status-publish","has-post-thumbnail","hentry"],"_links":{"self":[{"href":"https:\/\/halddesign.dk\/index.php?rest_route=\/wp\/v2\/pages\/2","targetHints":{"allow":["GET"]}}],"collection":[{"href":"https:\/\/halddesign.dk\/index.php?rest_route=\/wp\/v2\/pages"}],"about":[{"href":"https:\/\/halddesign.dk\/index.php?rest_route=\/wp\/v2\/types\/page"}],"author":[{"embeddable":true,"href":"https:\/\/halddesign.dk\/index.php?rest_route=\/wp\/v2\/users\/2"}],"replies":[{"embeddable":true,"href":"https:\/\/halddesign.dk\/index.php?rest_route=%2Fwp%2Fv2%2Fcomments&post=2"}],"version-history":[{"count":7,"href":"https:\/\/halddesign.dk\/index.php?rest_route=\/wp\/v2\/pages\/2\/revisions"}],"predecessor-version":[{"id":256,"href":"https:\/\/halddesign.dk\/index.php?rest_route=\/wp\/v2\/pages\/2\/revisions\/256"}],"wp:featuredmedia":[{"embeddable":true,"href":"https:\/\/halddesign.dk\/index.php?rest_route=\/wp\/v2\/media\/69"}],"wp:attachment":[{"href":"https:\/\/halddesign.dk\/index.php?rest_route=%2Fwp%2Fv2%2Fmedia&parent=2"}],"curies":[{"name":"wp","href":"https:\/\/api.w.org\/{rel}","templated":true}]}}