{"id":18,"date":"2023-10-09T06:21:58","date_gmt":"2023-10-09T06:21:58","guid":{"rendered":"https:\/\/halddesign.dk\/?page_id=18"},"modified":"2023-10-13T17:45:12","modified_gmt":"2023-10-13T17:45:12","slug":"home","status":"publish","type":"page","link":"https:\/\/halddesign.dk\/?page_id=18","title":{"rendered":"Home"},"content":{"rendered":"\n<p>Hald Design er hjemsted for papirh\u00e5ndv\u00e6rk, der fort\u00e6ller historier om en begivenhed, en f\u00f8lelse og en stemning. Her laver vi unikt papirkunst \u2013 ladet med mening, minder, hvis ikke ligefrem en rejse rundt i traditionernes Danmark.<\/p>\n\n\n\n<p>Alle designs er h\u00e5ndlavet her i v\u00e6rkstedet med den allervigtigste f\u00e6llesn\u00e6vner: H\u00f8j kvalitet, der kan genbruges \u00e5r efter \u00e5r. <strong><\/strong><\/p>\n\n\n\n<p>Her finder du de bedste &#8211; alle &#8216;testet and proven&#8217; af kr\u00e6sne specialforhandlere og nostalgikere&nbsp;med gemmelyst.<\/p>\n\n\n\n<p><\/p>\n\n\n\n<p><strong>DANSK KUNSTH\u00c5NDV\u00c6RK MED OMTANKE<\/strong><\/p>\n\n\n\n<ul class=\"wp-block-list\">\n<li>Al papirdesign er fremstillet af milj\u00f8venligt og FSC certificeret papir.<\/li>\n\n\n\n<li>Emballage er lavet af minimum 70% genbrugsmaterialer.<\/li>\n\n\n\n<li>Vores produktion er optimeret til at udnytte materialer og minimere spild.<\/li>\n\n\n\n<li>Hald Design hj\u00e6lper udsatte ved at skabe arbejdspladser med plads til den enkelte uanset religion og handicap.<\/li>\n\n\n\n<li>Hald Design bidrager til integration af kvinder med anden etnisk herkomst. Verden er \u00e5ben \u2013 ogs\u00e5 for dem og deres pigeb\u00f8rn.<\/li>\n<\/ul>\n\n\n\n<p>Siden er under opbygning<\/p>\n","protected":false},"excerpt":{"rendered":"<p>Hald Design er hjemsted for papirh\u00e5ndv\u00e6rk, der fort\u00e6ller historier om en begivenhed, en f\u00f8lelse og en stemning. Her laver vi unikt papirkunst \u2013 ladet med mening, minder, hvis ikke ligefrem en rejse rundt i traditionernes Danmark. Alle designs er h\u00e5ndlavet her i v\u00e6rkstedet med den allervigtigste f\u00e6llesn\u00e6vner: H\u00f8j kvalitet, der [&hellip;]<\/p>\n","protected":false},"author":2,"featured_media":0,"parent":0,"menu_order":0,"comment_status":"closed","ping_status":"closed","template":"","meta":{"footnotes":""},"class_list":["post-18","page","type-page","status-publish","hentry"],"_links":{"self":[{"href":"https:\/\/halddesign.dk\/index.php?rest_route=\/wp\/v2\/pages\/18","targetHints":{"allow":["GET"]}}],"collection":[{"href":"https:\/\/halddesign.dk\/index.php?rest_route=\/wp\/v2\/pages"}],"about":[{"href":"https:\/\/halddesign.dk\/index.php?rest_route=\/wp\/v2\/types\/page"}],"author":[{"embeddable":true,"href":"https:\/\/halddesign.dk\/index.php?rest_route=\/wp\/v2\/users\/2"}],"replies":[{"embeddable":true,"href":"https:\/\/halddesign.dk\/index.php?rest_route=%2Fwp%2Fv2%2Fcomments&post=18"}],"version-history":[{"count":3,"href":"https:\/\/halddesign.dk\/index.php?rest_route=\/wp\/v2\/pages\/18\/revisions"}],"predecessor-version":[{"id":227,"href":"https:\/\/halddesign.dk\/index.php?rest_route=\/wp\/v2\/pages\/18\/revisions\/227"}],"wp:attachment":[{"href":"https:\/\/halddesign.dk\/index.php?rest_route=%2Fwp%2Fv2%2Fmedia&parent=18"}],"curies":[{"name":"wp","href":"https:\/\/api.w.org\/{rel}","templated":true}]}}